{"id":6,"date":"2019-10-24T13:07:40","date_gmt":"2019-10-24T13:07:40","guid":{"rendered":"http:\/\/aplight.co\/?page_id=6"},"modified":"2025-03-25T16:18:25","modified_gmt":"2025-03-25T16:18:25","slug":"about-us","status":"publish","type":"page","link":"https:\/\/aplight.co\/es\/about-us\/","title":{"rendered":"Acerca de Nosotros"},"content":{"rendered":"<p class=\"translation-block\"><strong>Aplight<\/strong> es una empresa impulsada por la pasi\u00f3n por la innovaci\u00f3n y el compromiso con la excelencia. Con un equipo de desarrolladores y consultores expertos, nos especializamos en crear soluciones web y m\u00f3viles personalizadas que permiten a las empresas prosperar en la era digital. Nuestra misi\u00f3n es ofrecer soluciones tecnol\u00f3gicas de vanguardia que impulsan el crecimiento y la eficiencia de nuestros clientes.<\/p>\n\n\n\n<p>Nuestro compromiso con la excelencia se refleja en nuestro enfoque meticuloso para resolver complejos desaf\u00edos digitales. Con un historial probado de entrega de proyectos exitosos en diversas industrias, no somos solo desarrolladores; somos tus socios estrat\u00e9gicos en tecnolog\u00eda.<\/p>\n\n\n\n<p>Con experiencia que abarca el desarrollo web y m\u00f3vil, soluciones en la nube y estrategia digital, aportamos una perspectiva integral a cada proyecto.<\/p>\n\n\n\n<p class=\"translation-block\">Listo para transformar tu presencia digital? Hablemos sobre c\u00f3mo podemos hacer realidad tu visi\u00f3n. <a href=\"https:\/\/aplight.co\/es\/contacts\/\" data-type=\"page\" data-id=\"10\" target=\"_self\">Cont\u00e1ctanos<\/a> hoy mismo para discutir tu proyecto u obtener una cotizaci\u00f3n.<\/p>\n\n\n\n<p><\/p>","protected":false},"excerpt":{"rendered":"<p>At Aplight, we&#8217;re driven by a passion for innovation and a commitment to excellence. With a team of expert developers&nbsp;[&hellip;]<\/p>","protected":false},"author":1,"featured_media":0,"parent":0,"menu_order":4,"comment_status":"closed","ping_status":"closed","template":"","meta":{"footnotes":""},"class_list":["post-6","page","type-page","status-publish","hentry","post-item clearfix"],"_links":{"self":[{"href":"https:\/\/aplight.co\/es\/wp-json\/wp\/v2\/pages\/6","targetHints":{"allow":["GET"]}}],"collection":[{"href":"https:\/\/aplight.co\/es\/wp-json\/wp\/v2\/pages"}],"about":[{"href":"https:\/\/aplight.co\/es\/wp-json\/wp\/v2\/types\/page"}],"author":[{"embeddable":true,"href":"https:\/\/aplight.co\/es\/wp-json\/wp\/v2\/users\/1"}],"replies":[{"embeddable":true,"href":"https:\/\/aplight.co\/es\/wp-json\/wp\/v2\/comments?post=6"}],"version-history":[{"count":6,"href":"https:\/\/aplight.co\/es\/wp-json\/wp\/v2\/pages\/6\/revisions"}],"predecessor-version":[{"id":151,"href":"https:\/\/aplight.co\/es\/wp-json\/wp\/v2\/pages\/6\/revisions\/151"}],"wp:attachment":[{"href":"https:\/\/aplight.co\/es\/wp-json\/wp\/v2\/media?parent=6"}],"curies":[{"name":"wp","href":"https:\/\/api.w.org\/{rel}","templated":true}]}}